{"id":218,"date":"2024-10-03T19:01:13","date_gmt":"2024-10-03T16:01:13","guid":{"rendered":"https:\/\/fr.megapavingmoulds.com\/?post_type=product&#038;p=218"},"modified":"2024-10-03T19:01:31","modified_gmt":"2024-10-03T16:01:31","slug":"dekoratif-plastik-tas-kaliplari-tk-516","status":"publish","type":"product","link":"https:\/\/fr.megapavingmoulds.com\/index.php\/urun\/dekoratif-plastik-tas-kaliplari-tk-516\/","title":{"rendered":"Dekoratif Plastik Ta\u015f Kal\u0131plar\u0131 TK-516"},"content":{"rendered":"","protected":false},"excerpt":{"rendered":"","protected":false},"featured_media":247,"comment_status":"open","ping_status":"closed","template":"","meta":[],"product_cat":[18],"product_tag":[],"class_list":{"0":"post-218","1":"product","2":"type-product","3":"status-publish","4":"has-post-thumbnail","6":"product_cat-bordur-kaliplari","8":"first","9":"instock","10":"shipping-taxable","11":"product-type-simple"},"jetpack_sharing_enabled":true,"_links":{"self":[{"href":"https:\/\/fr.megapavingmoulds.com\/index.php\/wp-json\/wp\/v2\/product\/218","targetHints":{"allow":["GET"]}}],"collection":[{"href":"https:\/\/fr.megapavingmoulds.com\/index.php\/wp-json\/wp\/v2\/product"}],"about":[{"href":"https:\/\/fr.megapavingmoulds.com\/index.php\/wp-json\/wp\/v2\/types\/product"}],"replies":[{"embeddable":true,"href":"https:\/\/fr.megapavingmoulds.com\/index.php\/wp-json\/wp\/v2\/comments?post=218"}],"wp:featuredmedia":[{"embeddable":true,"href":"https:\/\/fr.megapavingmoulds.com\/index.php\/wp-json\/wp\/v2\/media\/247"}],"wp:attachment":[{"href":"https:\/\/fr.megapavingmoulds.com\/index.php\/wp-json\/wp\/v2\/media?parent=218"}],"wp:term":[{"taxonomy":"product_cat","embeddable":true,"href":"https:\/\/fr.megapavingmoulds.com\/index.php\/wp-json\/wp\/v2\/product_cat?post=218"},{"taxonomy":"product_tag","embeddable":true,"href":"https:\/\/fr.megapavingmoulds.com\/index.php\/wp-json\/wp\/v2\/product_tag?post=218"}],"curies":[{"name":"wp","href":"https:\/\/api.w.org\/{rel}","templated":true}]}}