{"id":268,"date":"2024-10-03T19:01:35","date_gmt":"2024-10-03T16:01:35","guid":{"rendered":"https:\/\/fr.megapavingmoulds.com\/?post_type=product&#038;p=268"},"modified":"2024-10-03T19:02:00","modified_gmt":"2024-10-03T16:02:00","slug":"pigment-toz-boya-kirmizi","status":"publish","type":"product","link":"https:\/\/fr.megapavingmoulds.com\/index.php\/urun\/pigment-toz-boya-kirmizi\/","title":{"rendered":"Pigment Toz Boya &#8211; K\u0131rm\u0131z\u0131"},"content":{"rendered":"","protected":false},"excerpt":{"rendered":"","protected":false},"featured_media":313,"comment_status":"open","ping_status":"closed","template":"","meta":[],"product_cat":[22],"product_tag":[],"class_list":{"0":"post-268","1":"product","2":"type-product","3":"status-publish","4":"has-post-thumbnail","6":"product_cat-pigment-toz-boyalar","8":"first","9":"instock","10":"shipping-taxable","11":"product-type-simple"},"jetpack_sharing_enabled":true,"_links":{"self":[{"href":"https:\/\/fr.megapavingmoulds.com\/index.php\/wp-json\/wp\/v2\/product\/268","targetHints":{"allow":["GET"]}}],"collection":[{"href":"https:\/\/fr.megapavingmoulds.com\/index.php\/wp-json\/wp\/v2\/product"}],"about":[{"href":"https:\/\/fr.megapavingmoulds.com\/index.php\/wp-json\/wp\/v2\/types\/product"}],"replies":[{"embeddable":true,"href":"https:\/\/fr.megapavingmoulds.com\/index.php\/wp-json\/wp\/v2\/comments?post=268"}],"wp:featuredmedia":[{"embeddable":true,"href":"https:\/\/fr.megapavingmoulds.com\/index.php\/wp-json\/wp\/v2\/media\/313"}],"wp:attachment":[{"href":"https:\/\/fr.megapavingmoulds.com\/index.php\/wp-json\/wp\/v2\/media?parent=268"}],"wp:term":[{"taxonomy":"product_cat","embeddable":true,"href":"https:\/\/fr.megapavingmoulds.com\/index.php\/wp-json\/wp\/v2\/product_cat?post=268"},{"taxonomy":"product_tag","embeddable":true,"href":"https:\/\/fr.megapavingmoulds.com\/index.php\/wp-json\/wp\/v2\/product_tag?post=268"}],"curies":[{"name":"wp","href":"https:\/\/api.w.org\/{rel}","templated":true}]}}